{"id":7,"date":"2020-08-04T16:45:16","date_gmt":"2020-08-04T14:45:16","guid":{"rendered":"https:\/\/raphaelefonsagrives.com\/?page_id=7"},"modified":"2025-07-31T14:18:11","modified_gmt":"2025-07-31T12:18:11","slug":"mon-parcours","status":"publish","type":"page","link":"https:\/\/raphaelefonsagrives.com\/?page_id=7","title":{"rendered":"Mon parcours"},"content":{"rendered":"\t\t<div data-elementor-type=\"wp-page\" data-elementor-id=\"7\" class=\"elementor elementor-7\">\n\t\t\t\t\t\t<section class=\"elementor-section elementor-top-section elementor-element elementor-element-43248602 elementor-section-full_width elementor-section-height-default elementor-section-height-default\" data-id=\"43248602\" data-element_type=\"section\" data-e-type=\"section\">\n\t\t\t\t\t\t<div class=\"elementor-container elementor-column-gap-default\">\n\t\t\t\t\t<div class=\"elementor-column elementor-col-100 elementor-top-column elementor-element elementor-element-f72321d\" data-id=\"f72321d\" data-element_type=\"column\" data-e-type=\"column\">\n\t\t\t<div class=\"elementor-widget-wrap elementor-element-populated\">\n\t\t\t\t\t\t<div class=\"elementor-element elementor-element-43af3758 elementor-widget elementor-widget-heading\" data-id=\"43af3758\" data-element_type=\"widget\" data-e-type=\"widget\" data-widget_type=\"heading.default\">\n\t\t\t\t<div class=\"elementor-widget-container\">\n\t\t\t\t\t<h2 class=\"elementor-heading-title elementor-size-default\">MON PARCOURS<\/h2>\t\t\t\t<\/div>\n\t\t\t\t<\/div>\n\t\t\t\t\t<\/div>\n\t\t<\/div>\n\t\t\t\t\t<\/div>\n\t\t<\/section>\n\t\t\t\t<section class=\"elementor-section elementor-top-section elementor-element elementor-element-e0fe10b elementor-section-full_width elementor-section-height-default elementor-section-height-default\" data-id=\"e0fe10b\" data-element_type=\"section\" data-e-type=\"section\">\n\t\t\t\t\t\t<div class=\"elementor-container elementor-column-gap-default\">\n\t\t\t\t\t<div class=\"elementor-column elementor-col-50 elementor-top-column elementor-element elementor-element-e5d030d\" data-id=\"e5d030d\" data-element_type=\"column\" data-e-type=\"column\">\n\t\t\t<div class=\"elementor-widget-wrap elementor-element-populated\">\n\t\t\t\t\t\t<div class=\"elementor-element elementor-element-7374c85c elementor-widget elementor-widget-text-editor\" data-id=\"7374c85c\" data-element_type=\"widget\" data-e-type=\"widget\" data-widget_type=\"text-editor.default\">\n\t\t\t\t<div class=\"elementor-widget-container\">\n\t\t\t\t\t\t\t\t\t<h2><b>Une dircom \u00e0 temps partag\u00e9, pour les PME qui veulent structurer leur communication<\/b><\/h2><p class=\"p3\">Je suis directrice de la communication.<\/p><p class=\"p3\">Mais je ne suis pas salari\u00e9e d\u2019une seule entreprise. Je travaille aux c\u00f4t\u00e9s de plusieurs dirigeants, dans plusieurs secteurs, parfois dans la m\u00eame journ\u00e9e. Et c\u2019est exactement ce que j\u2019aime.<\/p><p class=\"p4\"><span class=\"s2\">Je suis l\u00e0 pour aider les entreprises \u00e0 <\/span><b>clarifier leur discours<\/b><span class=\"s2\">, <\/span><b>poser une strat\u00e9gie coh\u00e9rente<\/b><span class=\"s2\">, et surtout <\/span><b>mettre en \u0153uvre des actions concr\u00e8tes<\/b><span class=\"s2\">.<\/span><\/p><p class=\"p3\">Pas de grands mots ni de plan PowerPoint oubli\u00e9 dans un dossier partag\u00e9 : je travaille sur le fond, avec vous, au quotidien.<\/p><p class=\"p3\">Souvent, tout est d\u00e9j\u00e0 l\u00e0 : un logo, un site, quelques posts sur LinkedIn, une assistante qui s\u2019occupe \u201cun peu de la com\u2019\u201d. Mais rien n\u2019est align\u00e9.<\/p><p class=\"p3\">Ce que je propose, c\u2019est de prendre le temps \u2014 ensemble \u2014 de regarder tout \u00e7a avec recul, de comprendre ce qui fonctionne, ce qui manque, ce qui parasite, et d\u2019organiser les choses pour que la communication <span class=\"s3\"><b>soutienne vraiment la strat\u00e9gie de l\u2019entreprise<\/b><\/span>.<\/p><p class=\"p1\">Mon parcours ?<\/p><p class=\"p1\">Charg\u00e9e de communication dans une f\u00e9d\u00e9ration patronale, puis responsable de la communication d\u2019une direction de 250 personnes \u00e0 la Soci\u00e9t\u00e9 G\u00e9n\u00e9rale.<\/p><p class=\"p1\">J\u2019ai aussi pilot\u00e9, en agence, des projets pour des maisons de luxe, des banques, des promoteurs immobiliers.<\/p><p class=\"p1\">Des exp\u00e9riences vari\u00e9es, exigeantes, qui m\u2019ont donn\u00e9 le go\u00fbt du <span class=\"s1\"><b>clair<\/b><\/span>, du <span class=\"s1\"><b>juste<\/b><\/span>, et du <span class=\"s1\"><b>coh\u00e9rent<\/b><\/span>.<\/p><p class=\"p1\">Aujourd\u2019hui, je mets cette exp\u00e9rience au service d\u2019entreprises ambitieuses, souvent en transformation, qui ont besoin de <span class=\"s1\"><b>structurer<\/b><\/span>, <span class=\"s1\"><b>rassurer<\/b><\/span>, <span class=\"s1\"><b>embarquer<\/b><\/span>.<\/p><p class=\"p1\">Je construis des plans de com. Je r\u00e9dige. J\u2019organise. Je manage parfois. Je challenge souvent. Je traduis une vision strat\u00e9gique en actions lisibles, partag\u00e9es et activables.\u00a0<\/p>\t\t\t\t\t\t\t\t<\/div>\n\t\t\t\t<\/div>\n\t\t\t\t\t<\/div>\n\t\t<\/div>\n\t\t\t\t<div class=\"elementor-column elementor-col-50 elementor-top-column elementor-element elementor-element-5a978db\" data-id=\"5a978db\" data-element_type=\"column\" data-e-type=\"column\">\n\t\t\t<div class=\"elementor-widget-wrap elementor-element-populated\">\n\t\t\t\t\t\t<div class=\"elementor-element elementor-element-7a2ee7a elementor-widget elementor-widget-image\" data-id=\"7a2ee7a\" data-element_type=\"widget\" data-e-type=\"widget\" data-widget_type=\"image.default\">\n\t\t\t\t<div class=\"elementor-widget-container\">\n\t\t\t\t\t\t\t\t\t\t\t\t\t\t\t<img fetchpriority=\"high\" decoding=\"async\" width=\"1024\" height=\"995\" src=\"https:\/\/raphaelefonsagrives.com\/wp-content\/uploads\/2025\/06\/Photopro-1024x995.jpg\" class=\"attachment-large size-large wp-image-1723\" alt=\"\" srcset=\"https:\/\/raphaelefonsagrives.com\/wp-content\/uploads\/2025\/06\/Photopro-1024x995.jpg 1024w, https:\/\/raphaelefonsagrives.com\/wp-content\/uploads\/2025\/06\/Photopro-300x292.jpg 300w, https:\/\/raphaelefonsagrives.com\/wp-content\/uploads\/2025\/06\/Photopro-768x747.jpg 768w, https:\/\/raphaelefonsagrives.com\/wp-content\/uploads\/2025\/06\/Photopro-1536x1493.jpg 1536w, https:\/\/raphaelefonsagrives.com\/wp-content\/uploads\/2025\/06\/Photopro-2048x1991.jpg 2048w\" sizes=\"(max-width: 1024px) 100vw, 1024px\" \/>\t\t\t\t\t\t\t\t\t\t\t\t\t\t\t<\/div>\n\t\t\t\t<\/div>\n\t\t\t\t\t<\/div>\n\t\t<\/div>\n\t\t\t\t\t<\/div>\n\t\t<\/section>\n\t\t\t\t<section class=\"elementor-section elementor-top-section elementor-element elementor-element-94d2269 elementor-section-boxed elementor-section-height-default elementor-section-height-default\" data-id=\"94d2269\" data-element_type=\"section\" data-e-type=\"section\">\n\t\t\t\t\t\t<div class=\"elementor-container elementor-column-gap-default\">\n\t\t\t\t\t<div class=\"elementor-column elementor-col-100 elementor-top-column elementor-element elementor-element-87fd97c\" data-id=\"87fd97c\" data-element_type=\"column\" data-e-type=\"column\">\n\t\t\t<div class=\"elementor-widget-wrap elementor-element-populated\">\n\t\t\t\t\t\t<div class=\"elementor-element elementor-element-babadbf elementor-align-center elementor-widget elementor-widget-button\" data-id=\"babadbf\" data-element_type=\"widget\" data-e-type=\"widget\" data-widget_type=\"button.default\">\n\t\t\t\t<div class=\"elementor-widget-container\">\n\t\t\t\t\t\t\t\t\t<div class=\"elementor-button-wrapper\">\n\t\t\t\t\t<a class=\"elementor-button elementor-button-link elementor-size-md\" href=\"https:\/\/raphaelefonsagrives.com\/?page_id=96\">\n\t\t\t\t\t\t<span class=\"elementor-button-content-wrapper\">\n\t\t\t\t\t\t<span class=\"elementor-button-icon\">\n\t\t\t\t<i aria-hidden=\"true\" class=\"far fa-envelope\"><\/i>\t\t\t<\/span>\n\t\t\t\t\t\t\t\t\t<span class=\"elementor-button-text\">Contactez-moi <\/span>\n\t\t\t\t\t<\/span>\n\t\t\t\t\t<\/a>\n\t\t\t\t<\/div>\n\t\t\t\t\t\t\t\t<\/div>\n\t\t\t\t<\/div>\n\t\t\t\t\t<\/div>\n\t\t<\/div>\n\t\t\t\t\t<\/div>\n\t\t<\/section>\n\t\t\t\t<\/div>\n\t\t","protected":false},"excerpt":{"rendered":"<p>MON PARCOURS Une dircom \u00e0 temps partag\u00e9, pour les PME qui veulent structurer leur communication Je suis directrice de la communication. Mais je ne suis pas salari\u00e9e d\u2019une seule entreprise. Je travaille aux c\u00f4t\u00e9s de plusieurs dirigeants, dans plusieurs secteurs, parfois dans la m\u00eame journ\u00e9e. Et c\u2019est exactement ce que j\u2019aime. Je suis l\u00e0 pour [&hellip;]<\/p>\n","protected":false},"author":1,"featured_media":0,"parent":0,"menu_order":0,"comment_status":"closed","ping_status":"closed","template":"","meta":{"ocean_post_layout":"","ocean_both_sidebars_style":"","ocean_both_sidebars_content_width":0,"ocean_both_sidebars_sidebars_width":0,"ocean_sidebar":"0","ocean_second_sidebar":"0","ocean_disable_margins":"enable","ocean_add_body_class":"","ocean_shortcode_before_top_bar":"","ocean_shortcode_after_top_bar":"","ocean_shortcode_before_header":"","ocean_shortcode_after_header":"","ocean_has_shortcode":"","ocean_shortcode_after_title":"","ocean_shortcode_before_footer_widgets":"","ocean_shortcode_after_footer_widgets":"","ocean_shortcode_before_footer_bottom":"","ocean_shortcode_after_footer_bottom":"","ocean_display_top_bar":"default","ocean_display_header":"default","ocean_header_style":"","ocean_center_header_left_menu":"0","ocean_custom_header_template":"0","ocean_custom_logo":0,"ocean_custom_retina_logo":0,"ocean_custom_logo_max_width":0,"ocean_custom_logo_tablet_max_width":0,"ocean_custom_logo_mobile_max_width":0,"ocean_custom_logo_max_height":0,"ocean_custom_logo_tablet_max_height":0,"ocean_custom_logo_mobile_max_height":0,"ocean_header_custom_menu":"0","ocean_menu_typo_font_family":"0","ocean_menu_typo_font_subset":"","ocean_menu_typo_font_size":0,"ocean_menu_typo_font_size_tablet":0,"ocean_menu_typo_font_size_mobile":0,"ocean_menu_typo_font_size_unit":"px","ocean_menu_typo_font_weight":"","ocean_menu_typo_font_weight_tablet":"","ocean_menu_typo_font_weight_mobile":"","ocean_menu_typo_transform":"","ocean_menu_typo_transform_tablet":"","ocean_menu_typo_transform_mobile":"","ocean_menu_typo_line_height":0,"ocean_menu_typo_line_height_tablet":0,"ocean_menu_typo_line_height_mobile":0,"ocean_menu_typo_line_height_unit":"","ocean_menu_typo_spacing":0,"ocean_menu_typo_spacing_tablet":0,"ocean_menu_typo_spacing_mobile":0,"ocean_menu_typo_spacing_unit":"","ocean_menu_link_color":"","ocean_menu_link_color_hover":"","ocean_menu_link_color_active":"","ocean_menu_link_background":"","ocean_menu_link_hover_background":"","ocean_menu_link_active_background":"","ocean_menu_social_links_bg":"","ocean_menu_social_hover_links_bg":"","ocean_menu_social_links_color":"","ocean_menu_social_hover_links_color":"","ocean_disable_title":"default","ocean_disable_heading":"default","ocean_post_title":"","ocean_post_subheading":"","ocean_post_title_style":"","ocean_post_title_background_color":"","ocean_post_title_background":0,"ocean_post_title_bg_image_position":"","ocean_post_title_bg_image_attachment":"","ocean_post_title_bg_image_repeat":"","ocean_post_title_bg_image_size":"","ocean_post_title_height":0,"ocean_post_title_bg_overlay":0.5,"ocean_post_title_bg_overlay_color":"","ocean_disable_breadcrumbs":"default","ocean_breadcrumbs_color":"","ocean_breadcrumbs_separator_color":"","ocean_breadcrumbs_links_color":"","ocean_breadcrumbs_links_hover_color":"","ocean_display_footer_widgets":"default","ocean_display_footer_bottom":"default","ocean_custom_footer_template":"0","footnotes":""},"class_list":["post-7","page","type-page","status-publish","hentry","entry"],"jetpack_sharing_enabled":true,"_links":{"self":[{"href":"https:\/\/raphaelefonsagrives.com\/index.php?rest_route=\/wp\/v2\/pages\/7","targetHints":{"allow":["GET"]}}],"collection":[{"href":"https:\/\/raphaelefonsagrives.com\/index.php?rest_route=\/wp\/v2\/pages"}],"about":[{"href":"https:\/\/raphaelefonsagrives.com\/index.php?rest_route=\/wp\/v2\/types\/page"}],"author":[{"embeddable":true,"href":"https:\/\/raphaelefonsagrives.com\/index.php?rest_route=\/wp\/v2\/users\/1"}],"replies":[{"embeddable":true,"href":"https:\/\/raphaelefonsagrives.com\/index.php?rest_route=%2Fwp%2Fv2%2Fcomments&post=7"}],"version-history":[{"count":166,"href":"https:\/\/raphaelefonsagrives.com\/index.php?rest_route=\/wp\/v2\/pages\/7\/revisions"}],"predecessor-version":[{"id":1962,"href":"https:\/\/raphaelefonsagrives.com\/index.php?rest_route=\/wp\/v2\/pages\/7\/revisions\/1962"}],"wp:attachment":[{"href":"https:\/\/raphaelefonsagrives.com\/index.php?rest_route=%2Fwp%2Fv2%2Fmedia&parent=7"}],"curies":[{"name":"wp","href":"https:\/\/api.w.org\/{rel}","templated":true}]}}