{"id":59,"date":"2020-08-04T18:24:28","date_gmt":"2020-08-04T16:24:28","guid":{"rendered":"https:\/\/raphaelefonsagrives.com\/?page_id=59"},"modified":"2025-07-31T15:22:43","modified_gmt":"2025-07-31T13:22:43","slug":"references","status":"publish","type":"page","link":"https:\/\/raphaelefonsagrives.com\/?page_id=59","title":{"rendered":"Mes collaborations"},"content":{"rendered":"\t\t<div data-elementor-type=\"wp-page\" data-elementor-id=\"59\" class=\"elementor elementor-59\">\n\t\t\t\t\t\t<section class=\"elementor-section elementor-top-section elementor-element elementor-element-5341acef elementor-section-content-middle elementor-section-full_width elementor-section-height-default elementor-section-height-default\" data-id=\"5341acef\" data-element_type=\"section\" data-e-type=\"section\">\n\t\t\t\t\t\t<div class=\"elementor-container elementor-column-gap-no\">\n\t\t\t\t\t<div class=\"elementor-column elementor-col-100 elementor-top-column elementor-element elementor-element-47a7308d\" data-id=\"47a7308d\" data-element_type=\"column\" data-e-type=\"column\">\n\t\t\t<div class=\"elementor-widget-wrap elementor-element-populated\">\n\t\t\t\t\t\t<div class=\"elementor-element elementor-element-79cb918d elementor-widget elementor-widget-heading\" data-id=\"79cb918d\" data-element_type=\"widget\" data-e-type=\"widget\" data-widget_type=\"heading.default\">\n\t\t\t\t<div class=\"elementor-widget-container\">\n\t\t\t\t\t<h4 class=\"elementor-heading-title elementor-size-default\">T\u00c9MOIGNAGES CLIENTS<\/h4>\t\t\t\t<\/div>\n\t\t\t\t<\/div>\n\t\t\t\t<section class=\"elementor-section elementor-inner-section elementor-element elementor-element-1e7c37a6 elementor-section-full_width elementor-section-content-bottom elementor-section-height-default elementor-section-height-default\" data-id=\"1e7c37a6\" data-element_type=\"section\" data-e-type=\"section\">\n\t\t\t\t\t\t<div class=\"elementor-container elementor-column-gap-default\">\n\t\t\t\t\t<div class=\"elementor-column elementor-col-33 elementor-inner-column elementor-element elementor-element-90516bc\" data-id=\"90516bc\" data-element_type=\"column\" data-e-type=\"column\">\n\t\t\t<div class=\"elementor-widget-wrap elementor-element-populated\">\n\t\t\t\t\t\t<div class=\"elementor-element elementor-element-7e4c4ae4 elementor-widget elementor-widget-testimonial\" data-id=\"7e4c4ae4\" data-element_type=\"widget\" data-e-type=\"widget\" data-widget_type=\"testimonial.default\">\n\t\t\t\t<div class=\"elementor-widget-container\">\n\t\t\t\t\t\t\t<div class=\"elementor-testimonial-wrapper\">\n\t\t\t\t\t\t\t<div class=\"elementor-testimonial-content\"><span style=\"font-size: 16px\">La mission de Rapha\u00eble aupr\u00e8s d'Efficity a \u00e9t\u00e9 d\u00e9terminante pour mettre en place des actions concr\u00e8tes en mati\u00e8re de communication interne, notamment face au d\u00e9veloppement de notre r\u00e9seau. Une collaboration pr\u00e9cieuse qui nous a permis de renforcer notre message et d\u2019optimiser notre strat\u00e9gie. Ce fut \u00e9galement un r\u00e9el plaisir de travailler avec elle.&nbsp; &nbsp;<\/span><span style=\"font-size: 16px;font-weight: 300\"><\/span><\/div>\n\t\t\t\n\t\t\t\t\t\t<div class=\"elementor-testimonial-meta elementor-has-image elementor-testimonial-image-position-aside\">\n\t\t\t\t<div class=\"elementor-testimonial-meta-inner\">\n\t\t\t\t\t\t\t\t\t\t\t<div class=\"elementor-testimonial-image\">\n\t\t\t\t\t\t\t<img fetchpriority=\"high\" decoding=\"async\" width=\"600\" height=\"450\" src=\"https:\/\/raphaelefonsagrives.com\/wp-content\/uploads\/2025\/07\/nouveau-logo-efficity-home.jpg\" class=\"attachment-full size-full wp-image-1976\" alt=\"\" srcset=\"https:\/\/raphaelefonsagrives.com\/wp-content\/uploads\/2025\/07\/nouveau-logo-efficity-home.jpg 600w, https:\/\/raphaelefonsagrives.com\/wp-content\/uploads\/2025\/07\/nouveau-logo-efficity-home-300x225.jpg 300w\" sizes=\"(max-width: 600px) 100vw, 600px\" \/>\t\t\t\t\t\t<\/div>\n\t\t\t\t\t\n\t\t\t\t\t\t\t\t\t\t<div class=\"elementor-testimonial-details\">\n\t\t\t\t\t\t\t\t\t\t\t\t\t\t<div class=\"elementor-testimonial-name\">Kenza Merini<\/div>\n\t\t\t\t\t\t\t\t\t\t\t\t\t\t\t\t\t\t\t\t\t\t<div class=\"elementor-testimonial-job\">Efficity<\/div>\n\t\t\t\t\t\t\t\t\t\t\t\t\t<\/div>\n\t\t\t\t\t\t\t\t\t<\/div>\n\t\t\t<\/div>\n\t\t\t\t\t<\/div>\n\t\t\t\t\t\t<\/div>\n\t\t\t\t<\/div>\n\t\t\t\t\t<\/div>\n\t\t<\/div>\n\t\t\t\t<div class=\"elementor-column elementor-col-33 elementor-inner-column elementor-element elementor-element-1af5becf\" data-id=\"1af5becf\" data-element_type=\"column\" data-e-type=\"column\">\n\t\t\t<div class=\"elementor-widget-wrap elementor-element-populated\">\n\t\t\t\t\t\t<div class=\"elementor-element elementor-element-4c5b95dd elementor-widget__width-initial elementor-widget elementor-widget-testimonial\" data-id=\"4c5b95dd\" data-element_type=\"widget\" data-e-type=\"widget\" data-widget_type=\"testimonial.default\">\n\t\t\t\t<div class=\"elementor-widget-container\">\n\t\t\t\t\t\t\t<div class=\"elementor-testimonial-wrapper\">\n\t\t\t\t\t\t\t<div class=\"elementor-testimonial-content\">Je retiens de Rapha\u00eble sa vision \"haute\" en mati\u00e8re de communication, son professionnalisme dans le suivi de ses projets, sa fiabilit\u00e9 quant aux d\u00e9lais de livraison, et sa bonne humeur dans le travail en toutes circonstances. Je n'h\u00e9siterai pas \u00e0 refaire appel \u00e0 elle.  \u200b<\/div>\n\t\t\t\n\t\t\t\t\t\t<div class=\"elementor-testimonial-meta elementor-has-image elementor-testimonial-image-position-aside\">\n\t\t\t\t<div class=\"elementor-testimonial-meta-inner\">\n\t\t\t\t\t\t\t\t\t\t\t<div class=\"elementor-testimonial-image\">\n\t\t\t\t\t\t\t<img decoding=\"async\" width=\"239\" height=\"211\" src=\"https:\/\/raphaelefonsagrives.com\/wp-content\/uploads\/2025\/07\/publicis.png\" class=\"attachment-full size-full wp-image-1987\" alt=\"\" \/>\t\t\t\t\t\t<\/div>\n\t\t\t\t\t\n\t\t\t\t\t\t\t\t\t\t<div class=\"elementor-testimonial-details\">\n\t\t\t\t\t\t\t\t\t\t\t\t\t\t<div class=\"elementor-testimonial-name\">St\u00e9phanie Mathis<\/div>\n\t\t\t\t\t\t\t\t\t\t\t\t\t\t\t\t\t\t\t\t\t\t<div class=\"elementor-testimonial-job\">Publicis<\/div>\n\t\t\t\t\t\t\t\t\t\t\t\t\t<\/div>\n\t\t\t\t\t\t\t\t\t<\/div>\n\t\t\t<\/div>\n\t\t\t\t\t<\/div>\n\t\t\t\t\t\t<\/div>\n\t\t\t\t<\/div>\n\t\t\t\t\t<\/div>\n\t\t<\/div>\n\t\t\t\t<div class=\"elementor-column elementor-col-33 elementor-inner-column elementor-element elementor-element-6616d819\" data-id=\"6616d819\" data-element_type=\"column\" data-e-type=\"column\">\n\t\t\t<div class=\"elementor-widget-wrap elementor-element-populated\">\n\t\t\t\t\t\t<div class=\"elementor-element elementor-element-23c7f116 elementor-widget elementor-widget-testimonial\" data-id=\"23c7f116\" data-element_type=\"widget\" data-e-type=\"widget\" data-widget_type=\"testimonial.default\">\n\t\t\t\t<div class=\"elementor-widget-container\">\n\t\t\t\t\t\t\t<div class=\"elementor-testimonial-wrapper\">\n\t\t\t\t\t\t\t<div class=\"elementor-testimonial-content\"><span style=\"font-family: Arial, Helvetica, sans-serif;font-size: 16px;font-style: normal;font-weight: 300\">J'ai souvent fait appel \u00e0 Rapha\u00eble pour des besoins urgents en communication interne et externe. Elle a toujours su faire preuve d'une grande r\u00e9activit\u00e9 et de beaucoup de professionnalisme. La strat\u00e9gie propos\u00e9e et les messages r\u00e9dig\u00e9s ont tout de suite \u00e9t\u00e9 valid\u00e9s par la direction et tr\u00e8s bien re\u00e7us tant par nos collaborateurs que par nos clients. <\/span><span style=\"font-family: Arial, Helvetica, sans-serif;font-size: 16px;font-style: normal;font-weight: 300\"><\/span><\/div>\n\t\t\t\n\t\t\t\t\t\t<div class=\"elementor-testimonial-meta elementor-has-image elementor-testimonial-image-position-aside\">\n\t\t\t\t<div class=\"elementor-testimonial-meta-inner\">\n\t\t\t\t\t\t\t\t\t\t\t<div class=\"elementor-testimonial-image\">\n\t\t\t\t\t\t\t<img decoding=\"async\" width=\"300\" height=\"300\" src=\"https:\/\/raphaelefonsagrives.com\/wp-content\/uploads\/2025\/07\/paragon.png\" class=\"attachment-full size-full wp-image-1990\" alt=\"\" srcset=\"https:\/\/raphaelefonsagrives.com\/wp-content\/uploads\/2025\/07\/paragon.png 300w, https:\/\/raphaelefonsagrives.com\/wp-content\/uploads\/2025\/07\/paragon-150x150.png 150w\" sizes=\"(max-width: 300px) 100vw, 300px\" \/>\t\t\t\t\t\t<\/div>\n\t\t\t\t\t\n\t\t\t\t\t\t\t\t\t\t<div class=\"elementor-testimonial-details\">\n\t\t\t\t\t\t\t\t\t\t\t\t\t\t<div class=\"elementor-testimonial-name\">S\u00e9bastien Darmon <\/div>\n\t\t\t\t\t\t\t\t\t\t\t\t\t\t\t\t\t\t\t\t\t\t<div class=\"elementor-testimonial-job\">Paragon CC France <\/div>\n\t\t\t\t\t\t\t\t\t\t\t\t\t<\/div>\n\t\t\t\t\t\t\t\t\t<\/div>\n\t\t\t<\/div>\n\t\t\t\t\t<\/div>\n\t\t\t\t\t\t<\/div>\n\t\t\t\t<\/div>\n\t\t\t\t\t<\/div>\n\t\t<\/div>\n\t\t\t\t\t<\/div>\n\t\t<\/section>\n\t\t\t\t<section class=\"elementor-section elementor-inner-section elementor-element elementor-element-80a26d8 elementor-section-full_width elementor-section-content-bottom elementor-section-height-default elementor-section-height-default\" data-id=\"80a26d8\" data-element_type=\"section\" data-e-type=\"section\">\n\t\t\t\t\t\t<div class=\"elementor-container elementor-column-gap-default\">\n\t\t\t\t\t<div class=\"elementor-column elementor-col-25 elementor-inner-column elementor-element elementor-element-ceea773\" data-id=\"ceea773\" data-element_type=\"column\" data-e-type=\"column\">\n\t\t\t<div class=\"elementor-widget-wrap elementor-element-populated\">\n\t\t\t\t\t\t<div class=\"elementor-element elementor-element-b03a3bd elementor-widget elementor-widget-testimonial\" data-id=\"b03a3bd\" data-element_type=\"widget\" data-e-type=\"widget\" data-widget_type=\"testimonial.default\">\n\t\t\t\t<div class=\"elementor-widget-container\">\n\t\t\t\t\t\t\t<div class=\"elementor-testimonial-wrapper\">\n\t\t\t\t\t\t\t<div class=\"elementor-testimonial-content\">J'ai eu l'occasion de travailler r\u00e9guli\u00e8rement avec Rapha\u00eble ces 4 derni\u00e8res ann\u00e9es et notre collaboration fut toujours une r\u00e9ussite. Rapha\u00eble fait toujours preuve d'un grand professionnalisme sur les divers projets dont elle a la charge. Elle est toujours tr\u00e8s r\u00e9active et \u00e0 l'\u00e9coute du client et de ses besoins. Il est tr\u00e8s agr\u00e9able de travailler avec elle.\u200b<\/div>\n\t\t\t\n\t\t\t\t\t\t<div class=\"elementor-testimonial-meta elementor-has-image elementor-testimonial-image-position-aside\">\n\t\t\t\t<div class=\"elementor-testimonial-meta-inner\">\n\t\t\t\t\t\t\t\t\t\t\t<div class=\"elementor-testimonial-image\">\n\t\t\t\t\t\t\t<img loading=\"lazy\" decoding=\"async\" width=\"625\" height=\"625\" src=\"https:\/\/raphaelefonsagrives.com\/wp-content\/uploads\/2025\/07\/Logo_Samaritaine_Paris_2025.png\" class=\"attachment-full size-full wp-image-1991\" alt=\"\" srcset=\"https:\/\/raphaelefonsagrives.com\/wp-content\/uploads\/2025\/07\/Logo_Samaritaine_Paris_2025.png 625w, https:\/\/raphaelefonsagrives.com\/wp-content\/uploads\/2025\/07\/Logo_Samaritaine_Paris_2025-300x300.png 300w, https:\/\/raphaelefonsagrives.com\/wp-content\/uploads\/2025\/07\/Logo_Samaritaine_Paris_2025-150x150.png 150w, https:\/\/raphaelefonsagrives.com\/wp-content\/uploads\/2025\/07\/Logo_Samaritaine_Paris_2025-600x600.png 600w\" sizes=\"(max-width: 625px) 100vw, 625px\" \/>\t\t\t\t\t\t<\/div>\n\t\t\t\t\t\n\t\t\t\t\t\t\t\t\t\t<div class=\"elementor-testimonial-details\">\n\t\t\t\t\t\t\t\t\t\t\t\t\t\t<div class=\"elementor-testimonial-name\">S\u00e9verine Chabaud<\/div>\n\t\t\t\t\t\t\t\t\t\t\t\t\t\t\t\t\t\t\t\t\t\t<div class=\"elementor-testimonial-job\">La Samaritaine-LVMH<\/div>\n\t\t\t\t\t\t\t\t\t\t\t\t\t<\/div>\n\t\t\t\t\t\t\t\t\t<\/div>\n\t\t\t<\/div>\n\t\t\t\t\t<\/div>\n\t\t\t\t\t\t<\/div>\n\t\t\t\t<\/div>\n\t\t\t\t\t<\/div>\n\t\t<\/div>\n\t\t\t\t<div class=\"elementor-column elementor-col-25 elementor-inner-column elementor-element elementor-element-89a24bb\" data-id=\"89a24bb\" data-element_type=\"column\" data-e-type=\"column\">\n\t\t\t<div class=\"elementor-widget-wrap elementor-element-populated\">\n\t\t\t\t\t\t<div class=\"elementor-element elementor-element-e331d6c elementor-widget elementor-widget-testimonial\" data-id=\"e331d6c\" data-element_type=\"widget\" data-e-type=\"widget\" data-widget_type=\"testimonial.default\">\n\t\t\t\t<div class=\"elementor-widget-container\">\n\t\t\t\t\t\t\t<div class=\"elementor-testimonial-wrapper\">\n\t\t\t\t\t\t\t<div class=\"elementor-testimonial-content\">Rapha\u00eble a une pr\u00e9sence solaire, une \u00e9coute attentive et un esprit d'\u00e0 propos pr\u00e9cieux. Avec elle, on ne tergiverse pas, on va droit au but ! C'est l'efficacit\u00e9 et le professionnalisme avec le sourire en prime ! \u200b<\/div>\n\t\t\t\n\t\t\t\t\t\t<div class=\"elementor-testimonial-meta elementor-has-image elementor-testimonial-image-position-aside\">\n\t\t\t\t<div class=\"elementor-testimonial-meta-inner\">\n\t\t\t\t\t\t\t\t\t\t\t<div class=\"elementor-testimonial-image\">\n\t\t\t\t\t\t\t<img loading=\"lazy\" decoding=\"async\" width=\"300\" height=\"300\" src=\"https:\/\/raphaelefonsagrives.com\/wp-content\/uploads\/2025\/07\/sogeprom3.png\" class=\"attachment-full size-full wp-image-1995\" alt=\"\" srcset=\"https:\/\/raphaelefonsagrives.com\/wp-content\/uploads\/2025\/07\/sogeprom3.png 300w, https:\/\/raphaelefonsagrives.com\/wp-content\/uploads\/2025\/07\/sogeprom3-150x150.png 150w\" sizes=\"(max-width: 300px) 100vw, 300px\" \/>\t\t\t\t\t\t<\/div>\n\t\t\t\t\t\n\t\t\t\t\t\t\t\t\t\t<div class=\"elementor-testimonial-details\">\n\t\t\t\t\t\t\t\t\t\t\t\t\t\t<div class=\"elementor-testimonial-name\">Soraya Terki-Hassaine<\/div>\n\t\t\t\t\t\t\t\t\t\t\t\t\t\t\t\t\t\t\t\t\t\t<div class=\"elementor-testimonial-job\">Sogeprom<\/div>\n\t\t\t\t\t\t\t\t\t\t\t\t\t<\/div>\n\t\t\t\t\t\t\t\t\t<\/div>\n\t\t\t<\/div>\n\t\t\t\t\t<\/div>\n\t\t\t\t\t\t<\/div>\n\t\t\t\t<\/div>\n\t\t\t\t\t<\/div>\n\t\t<\/div>\n\t\t\t\t<div class=\"elementor-column elementor-col-50 elementor-inner-column elementor-element elementor-element-b35ae27\" data-id=\"b35ae27\" data-element_type=\"column\" data-e-type=\"column\">\n\t\t\t<div class=\"elementor-widget-wrap elementor-element-populated\">\n\t\t\t\t\t\t<div class=\"elementor-element elementor-element-fd4e980 elementor-widget elementor-widget-testimonial\" data-id=\"fd4e980\" data-element_type=\"widget\" data-e-type=\"widget\" data-widget_type=\"testimonial.default\">\n\t\t\t\t<div class=\"elementor-widget-container\">\n\t\t\t\t\t\t\t<div class=\"elementor-testimonial-wrapper\">\n\t\t\t\t\t\t\t<div class=\"elementor-testimonial-content\"><span style=\"font-family: Arial, Helvetica, sans-serif;font-size: 16px;font-style: normal;font-weight: 300\">J'ai collabor\u00e9 avec Rapha\u00eble sur un important projet de change dont elle pilotait le volet communication. J'\u00e9tais moi-m\u00eame consultante en accompagnement du changement. \nRapha\u00eble, par sa ma\u00eetrise de la culture d'entreprise, des enjeux de ce type et des outils de communication a \u00e9t\u00e9 un atout ind\u00e9niable dans la r\u00e9ussite de ce projet. \nNotre collaboration \u00e9tait un pur bonheur,  fluide, rapide, juste dans l'approche et le ton. Dou\u00e9e d'un vrai leadership et d'un excellent sens de l'\u00e9coute, elle n'h\u00e9site pas \u00e0 rentrer dans le fond des sujets, ce qui lui permet de bien identifier les enjeux auxquels sa communication va devoir r\u00e9pondre. Elle anticipe les difficult\u00e9s, apporte des solutions et fait preuve de cr\u00e9ativit\u00e9.\nMerci encore Rapha\u00eble !<\/span><span style=\"font-family: Arial, Helvetica, sans-serif;font-size: 16px;font-style: normal;font-weight: 300\"><\/span><\/div>\n\t\t\t\n\t\t\t\t\t\t<div class=\"elementor-testimonial-meta elementor-has-image elementor-testimonial-image-position-aside\">\n\t\t\t\t<div class=\"elementor-testimonial-meta-inner\">\n\t\t\t\t\t\t\t\t\t\t\t<div class=\"elementor-testimonial-image\">\n\t\t\t\t\t\t\t<img loading=\"lazy\" decoding=\"async\" width=\"300\" height=\"300\" src=\"https:\/\/raphaelefonsagrives.com\/wp-content\/uploads\/2025\/07\/wavestone.png\" class=\"attachment-full size-full wp-image-1996\" alt=\"\" srcset=\"https:\/\/raphaelefonsagrives.com\/wp-content\/uploads\/2025\/07\/wavestone.png 300w, https:\/\/raphaelefonsagrives.com\/wp-content\/uploads\/2025\/07\/wavestone-150x150.png 150w\" sizes=\"(max-width: 300px) 100vw, 300px\" \/>\t\t\t\t\t\t<\/div>\n\t\t\t\t\t\n\t\t\t\t\t\t\t\t\t\t<div class=\"elementor-testimonial-details\">\n\t\t\t\t\t\t\t\t\t\t\t\t\t\t<div class=\"elementor-testimonial-name\">Val\u00e9rie Saul<\/div>\n\t\t\t\t\t\t\t\t\t\t\t\t\t\t\t\t\t\t\t\t\t\t<div class=\"elementor-testimonial-job\">Wavestone<\/div>\n\t\t\t\t\t\t\t\t\t\t\t\t\t<\/div>\n\t\t\t\t\t\t\t\t\t<\/div>\n\t\t\t<\/div>\n\t\t\t\t\t<\/div>\n\t\t\t\t\t\t<\/div>\n\t\t\t\t<\/div>\n\t\t\t\t\t<\/div>\n\t\t<\/div>\n\t\t\t\t\t<\/div>\n\t\t<\/section>\n\t\t\t\t<div class=\"elementor-element elementor-element-1fded4c elementor-widget elementor-widget-text-editor\" data-id=\"1fded4c\" data-element_type=\"widget\" data-e-type=\"widget\" data-widget_type=\"text-editor.default\">\n\t\t\t\t<div class=\"elementor-widget-container\">\n\t\t\t\t\t\t\t\t\t<p>Lorem ipsum dolor sit amet, consectetur adipiscing elit. Ut elit tellus, luctus nec ullamcorper mattis, pulvinar dapibus leo.<\/p>\t\t\t\t\t\t\t\t<\/div>\n\t\t\t\t<\/div>\n\t\t\t\t\t<\/div>\n\t\t<\/div>\n\t\t\t\t\t<\/div>\n\t\t<\/section>\n\t\t\t\t<\/div>\n\t\t","protected":false},"excerpt":{"rendered":"<p>T\u00c9MOIGNAGES CLIENTS La mission de Rapha\u00eble aupr\u00e8s d&rsquo;Efficity a \u00e9t\u00e9 d\u00e9terminante pour mettre en place des actions concr\u00e8tes en mati\u00e8re de communication interne, notamment face au d\u00e9veloppement de notre r\u00e9seau. Une collaboration pr\u00e9cieuse qui nous a permis de renforcer notre message et d\u2019optimiser notre strat\u00e9gie. Ce fut \u00e9galement un r\u00e9el plaisir de travailler avec elle.&nbsp; [&hellip;]<\/p>\n","protected":false},"author":1,"featured_media":0,"parent":0,"menu_order":0,"comment_status":"closed","ping_status":"closed","template":"","meta":{"ocean_post_layout":"","ocean_both_sidebars_style":"","ocean_both_sidebars_content_width":0,"ocean_both_sidebars_sidebars_width":0,"ocean_sidebar":"0","ocean_second_sidebar":"0","ocean_disable_margins":"enable","ocean_add_body_class":"","ocean_shortcode_before_top_bar":"","ocean_shortcode_after_top_bar":"","ocean_shortcode_before_header":"","ocean_shortcode_after_header":"","ocean_has_shortcode":"","ocean_shortcode_after_title":"","ocean_shortcode_before_footer_widgets":"","ocean_shortcode_after_footer_widgets":"","ocean_shortcode_before_footer_bottom":"","ocean_shortcode_after_footer_bottom":"","ocean_display_top_bar":"default","ocean_display_header":"default","ocean_header_style":"","ocean_center_header_left_menu":"0","ocean_custom_header_template":"0","ocean_custom_logo":0,"ocean_custom_retina_logo":0,"ocean_custom_logo_max_width":0,"ocean_custom_logo_tablet_max_width":0,"ocean_custom_logo_mobile_max_width":0,"ocean_custom_logo_max_height":0,"ocean_custom_logo_tablet_max_height":0,"ocean_custom_logo_mobile_max_height":0,"ocean_header_custom_menu":"0","ocean_menu_typo_font_family":"0","ocean_menu_typo_font_subset":"","ocean_menu_typo_font_size":0,"ocean_menu_typo_font_size_tablet":0,"ocean_menu_typo_font_size_mobile":0,"ocean_menu_typo_font_size_unit":"px","ocean_menu_typo_font_weight":"","ocean_menu_typo_font_weight_tablet":"","ocean_menu_typo_font_weight_mobile":"","ocean_menu_typo_transform":"","ocean_menu_typo_transform_tablet":"","ocean_menu_typo_transform_mobile":"","ocean_menu_typo_line_height":0,"ocean_menu_typo_line_height_tablet":0,"ocean_menu_typo_line_height_mobile":0,"ocean_menu_typo_line_height_unit":"","ocean_menu_typo_spacing":0,"ocean_menu_typo_spacing_tablet":0,"ocean_menu_typo_spacing_mobile":0,"ocean_menu_typo_spacing_unit":"","ocean_menu_link_color":"","ocean_menu_link_color_hover":"","ocean_menu_link_color_active":"","ocean_menu_link_background":"","ocean_menu_link_hover_background":"","ocean_menu_link_active_background":"","ocean_menu_social_links_bg":"","ocean_menu_social_hover_links_bg":"","ocean_menu_social_links_color":"","ocean_menu_social_hover_links_color":"","ocean_disable_title":"default","ocean_disable_heading":"default","ocean_post_title":"","ocean_post_subheading":"","ocean_post_title_style":"","ocean_post_title_background_color":"","ocean_post_title_background":0,"ocean_post_title_bg_image_position":"","ocean_post_title_bg_image_attachment":"","ocean_post_title_bg_image_repeat":"","ocean_post_title_bg_image_size":"","ocean_post_title_height":0,"ocean_post_title_bg_overlay":0.5,"ocean_post_title_bg_overlay_color":"","ocean_disable_breadcrumbs":"default","ocean_breadcrumbs_color":"","ocean_breadcrumbs_separator_color":"","ocean_breadcrumbs_links_color":"","ocean_breadcrumbs_links_hover_color":"","ocean_display_footer_widgets":"default","ocean_display_footer_bottom":"default","ocean_custom_footer_template":"0","footnotes":""},"class_list":["post-59","page","type-page","status-publish","hentry","entry"],"jetpack_sharing_enabled":true,"_links":{"self":[{"href":"https:\/\/raphaelefonsagrives.com\/index.php?rest_route=\/wp\/v2\/pages\/59","targetHints":{"allow":["GET"]}}],"collection":[{"href":"https:\/\/raphaelefonsagrives.com\/index.php?rest_route=\/wp\/v2\/pages"}],"about":[{"href":"https:\/\/raphaelefonsagrives.com\/index.php?rest_route=\/wp\/v2\/types\/page"}],"author":[{"embeddable":true,"href":"https:\/\/raphaelefonsagrives.com\/index.php?rest_route=\/wp\/v2\/users\/1"}],"replies":[{"embeddable":true,"href":"https:\/\/raphaelefonsagrives.com\/index.php?rest_route=%2Fwp%2Fv2%2Fcomments&post=59"}],"version-history":[{"count":47,"href":"https:\/\/raphaelefonsagrives.com\/index.php?rest_route=\/wp\/v2\/pages\/59\/revisions"}],"predecessor-version":[{"id":1999,"href":"https:\/\/raphaelefonsagrives.com\/index.php?rest_route=\/wp\/v2\/pages\/59\/revisions\/1999"}],"wp:attachment":[{"href":"https:\/\/raphaelefonsagrives.com\/index.php?rest_route=%2Fwp%2Fv2%2Fmedia&parent=59"}],"curies":[{"name":"wp","href":"https:\/\/api.w.org\/{rel}","templated":true}]}}